{"id":60,"date":"2014-02-14T18:45:32","date_gmt":"2014-02-14T17:45:32","guid":{"rendered":"http:\/\/www.vitaclubfitness.it\/?page_id=60"},"modified":"2026-04-08T12:08:47","modified_gmt":"2026-04-08T10:08:47","slug":"promozioni","status":"publish","type":"page","link":"https:\/\/www.vitaclubfitness.it\/?page_id=60","title":{"rendered":"Promozioni sportive"},"content":{"rendered":"<p style=\"text-align: center;\">PROMOZIONI SPORTIVE<\/p>\n<ul>\n<li style=\"text-align: left;\"><span style=\"color: #000000;\">Scegli\u00a0 di fare l&#8217;attivit\u00e0 sportiva per TUTTO L&#8217; ANNO, avrai un benefit immediato e un prolungato benessere psicofisico.<\/span><\/li>\n<\/ul>\n<p><a href=\"https:\/\/www.vitaclubfitness.it\/wp-content\/uploads\/2025\/09\/open-day-settembre-2025-1.jpg\" rel=\"lightbox-0\"><img loading=\"lazy\" decoding=\"async\" class=\"aligncenter size-medium wp-image-3451\" src=\"https:\/\/www.vitaclubfitness.it\/wp-content\/uploads\/2025\/09\/open-day-settembre-2025-1-300x212.jpg\" alt=\"\" width=\"300\" height=\"212\" srcset=\"https:\/\/www.vitaclubfitness.it\/wp-content\/uploads\/2025\/09\/open-day-settembre-2025-1-300x212.jpg 300w, https:\/\/www.vitaclubfitness.it\/wp-content\/uploads\/2025\/09\/open-day-settembre-2025-1-1024x724.jpg 1024w, https:\/\/www.vitaclubfitness.it\/wp-content\/uploads\/2025\/09\/open-day-settembre-2025-1-768x543.jpg 768w, https:\/\/www.vitaclubfitness.it\/wp-content\/uploads\/2025\/09\/open-day-settembre-2025-1-600x424.jpg 600w, https:\/\/www.vitaclubfitness.it\/wp-content\/uploads\/2025\/09\/open-day-settembre-2025-1-1536x1086.jpg 1536w, https:\/\/www.vitaclubfitness.it\/wp-content\/uploads\/2025\/09\/open-day-settembre-2025-1.jpg 1754w\" sizes=\"(max-width: 300px) 100vw, 300px\" \/><\/a><\/p>\n<ul>\n<li style=\"text-align: left;\"><span style=\"color: #000000;\"><em>L&#8217;attivit\u00e0 di propaganda \u00e8 in funzione agli scopi istituzionali e necessaria per la <\/em><\/span><span style=\"color: #000000;\"><em>divulgazione dello sport dilettantistico nazionale.<\/em><\/span><\/li>\n<\/ul>\n","protected":false},"excerpt":{"rendered":"<p>PROMOZIONI SPORTIVE Scegli\u00a0 di fare l&#8217;attivit\u00e0 sportiva per TUTTO L&#8217; ANNO, avrai un benefit immediato e un prolungato benessere psicofisico. L&#8217;attivit\u00e0 di propaganda \u00e8 in funzione agli scopi istituzionali e necessaria per la divulgazione dello sport dilettantistico nazionale.<\/p>\n","protected":false},"author":1,"featured_media":0,"parent":36,"menu_order":0,"comment_status":"closed","ping_status":"closed","template":"","meta":{"footnotes":""},"_links":{"self":[{"href":"https:\/\/www.vitaclubfitness.it\/index.php?rest_route=\/wp\/v2\/pages\/60"}],"collection":[{"href":"https:\/\/www.vitaclubfitness.it\/index.php?rest_route=\/wp\/v2\/pages"}],"about":[{"href":"https:\/\/www.vitaclubfitness.it\/index.php?rest_route=\/wp\/v2\/types\/page"}],"author":[{"embeddable":true,"href":"https:\/\/www.vitaclubfitness.it\/index.php?rest_route=\/wp\/v2\/users\/1"}],"replies":[{"embeddable":true,"href":"https:\/\/www.vitaclubfitness.it\/index.php?rest_route=%2Fwp%2Fv2%2Fcomments&post=60"}],"version-history":[{"count":163,"href":"https:\/\/www.vitaclubfitness.it\/index.php?rest_route=\/wp\/v2\/pages\/60\/revisions"}],"predecessor-version":[{"id":3508,"href":"https:\/\/www.vitaclubfitness.it\/index.php?rest_route=\/wp\/v2\/pages\/60\/revisions\/3508"}],"up":[{"embeddable":true,"href":"https:\/\/www.vitaclubfitness.it\/index.php?rest_route=\/wp\/v2\/pages\/36"}],"wp:attachment":[{"href":"https:\/\/www.vitaclubfitness.it\/index.php?rest_route=%2Fwp%2Fv2%2Fmedia&parent=60"}],"curies":[{"name":"wp","href":"https:\/\/api.w.org\/{rel}","templated":true}]}}