{"id":32,"date":"2014-02-14T18:40:41","date_gmt":"2014-02-14T17:40:41","guid":{"rendered":"http:\/\/www.vitaclubfitness.it\/?page_id=32"},"modified":"2026-01-08T09:28:42","modified_gmt":"2026-01-08T08:28:42","slug":"attivita","status":"publish","type":"page","link":"https:\/\/www.vitaclubfitness.it\/?page_id=32","title":{"rendered":"Corsi sportivi"},"content":{"rendered":"\n<p class=\"has-text-align-center\"><strong><mark style=\"background-color:rgba(0, 0, 0, 0);color:#6a3b96\" class=\"has-inline-color\">CORSI SPORTIVI dal 07\/01 al 31\/05\/202<\/mark><mark style=\"background-color:rgba(0, 0, 0, 0);color:#6f03d5\" class=\"has-inline-color\">6<\/mark><\/strong><\/p>\n\n\n\n<figure class=\"wp-block-image size-large\"><img loading=\"lazy\" decoding=\"async\" width=\"1024\" height=\"1024\" src=\"https:\/\/www.vitaclubfitness.it\/wp-content\/uploads\/2026\/01\/IMG_7827-2-1024x1024.jpg\" alt=\"\" class=\"wp-image-3498\" srcset=\"https:\/\/www.vitaclubfitness.it\/wp-content\/uploads\/2026\/01\/IMG_7827-2-1024x1024.jpg 1024w, https:\/\/www.vitaclubfitness.it\/wp-content\/uploads\/2026\/01\/IMG_7827-2-300x300.jpg 300w, https:\/\/www.vitaclubfitness.it\/wp-content\/uploads\/2026\/01\/IMG_7827-2-150x150.jpg 150w, https:\/\/www.vitaclubfitness.it\/wp-content\/uploads\/2026\/01\/IMG_7827-2-768x768.jpg 768w, https:\/\/www.vitaclubfitness.it\/wp-content\/uploads\/2026\/01\/IMG_7827-2-600x600.jpg 600w, https:\/\/www.vitaclubfitness.it\/wp-content\/uploads\/2026\/01\/IMG_7827-2-1536x1536.jpg 1536w, https:\/\/www.vitaclubfitness.it\/wp-content\/uploads\/2026\/01\/IMG_7827-2-2048x2048.jpg 2048w, https:\/\/www.vitaclubfitness.it\/wp-content\/uploads\/2026\/01\/IMG_7827-2-100x100.jpg 100w\" sizes=\"(max-width: 767px) 89vw, (max-width: 1000px) 54vw, (max-width: 1071px) 543px, 580px\" \/><\/figure>\n\n\n\n<p><strong><span style=\"font-size: 12pt;\"><span style=\"color: #000000; background-color: #00ffff;\">CORSI SPORTIVI &#8211; GINNASTICA&nbsp; finalizzata alla SALUTE e al FITNESS <\/span><\/span><\/strong><\/p>\n\n\n\n<p><strong><mark style=\"background-color:#51f600\" class=\"has-inline-color\">FUNZIONALE<\/mark><\/strong>:<\/p>\n\n\n\n<p><span style=\"color: #000000;\"><span style=\"background-color: #ffff00;\"><strong><mark><mark style=\"background-color:#ffffff\" class=\"has-inline-color\">&#8211;<\/mark><\/mark><\/strong><\/span><strong><mark style=\"background-color:#ffffff\" class=\"has-inline-color\">H.I.I.T. STRENGTH <\/mark><\/strong>: Programma di allenamento funzionale <\/span>di gruppo ad alta intensit\u00e0<span style=\"color: #000000;\"> che, attraverso la metodologia di allenamento Tabata e alcune tecniche molto utilizzate nel Body Building, si prefigge di ottenere un considerevole miglioramento del sistema cardiovascolare e muscolare. La classe di allenamento \u00e8 organizzata in diverse fasi che si alternano in base all&#8217;obiettivo: <em>cardio e muscolare<\/em>; il tutto per ottenere un miglioramento del metabolismo e del consumo calorico.  Programma di Andrea Gianesella.  Istruttrice certificata <em>Elisa.<\/em><\/span><\/p>\n\n\n<div class=\"wp-block-image\">\n<figure class=\"aligncenter\"><a href=\"https:\/\/www.vitaclubfitness.it\/wp-content\/uploads\/2020\/09\/IMG-20200911-WA0038.jpg\" rel=\"lightbox-0\"><img loading=\"lazy\" decoding=\"async\" width=\"300\" height=\"225\" src=\"https:\/\/www.vitaclubfitness.it\/wp-content\/uploads\/2020\/09\/IMG-20200911-WA0038-300x225.jpg\" alt=\"\" class=\"wp-image-2469\" srcset=\"https:\/\/www.vitaclubfitness.it\/wp-content\/uploads\/2020\/09\/IMG-20200911-WA0038-300x225.jpg 300w, https:\/\/www.vitaclubfitness.it\/wp-content\/uploads\/2020\/09\/IMG-20200911-WA0038-1024x768.jpg 1024w, https:\/\/www.vitaclubfitness.it\/wp-content\/uploads\/2020\/09\/IMG-20200911-WA0038-768x576.jpg 768w, https:\/\/www.vitaclubfitness.it\/wp-content\/uploads\/2020\/09\/IMG-20200911-WA0038-600x450.jpg 600w, https:\/\/www.vitaclubfitness.it\/wp-content\/uploads\/2020\/09\/IMG-20200911-WA0038-1536x1152.jpg 1536w, https:\/\/www.vitaclubfitness.it\/wp-content\/uploads\/2020\/09\/IMG-20200911-WA0038.jpg 1600w\" sizes=\"(max-width: 300px) 100vw, 300px\" \/><\/a><\/figure><\/div>\n\n\n<p><strong><mark style=\"background-color:#ffffff\" class=\"has-inline-color\">&nbsp;<\/mark><\/strong><span style=\"color: #000000; background-color: #ffff00;\"><mark style=\"background-color:#ffffff\" class=\"has-inline-color\"><strong><span style=\"font-size: medium;\">-STRONG NATION&#x2122;&#xfe0f; <\/span><\/strong><\/mark><\/span><span style=\"background-color: #ffffff;\"><span style=\"color: #000000;\"><span style=\"font-size: medium; background-color: #ffffff;\">: A<\/span><\/span><\/span><span style=\"color: #000000;\">llenamento completo ad alta intensit\u00e0 in cui musica e movimenti sono perfettamente sincronizzati (HIIT). Formato 45&#8242;.&nbsp; Istruttrice certificata <em>Rekha.<\/em>&nbsp; &nbsp; &nbsp; &nbsp; &nbsp; &nbsp; &nbsp; &nbsp; &nbsp; &nbsp; &nbsp; &nbsp; &nbsp; &nbsp; &nbsp; &nbsp; &nbsp; &nbsp; &nbsp; &nbsp; <\/span><\/p>\n\n\n<div class=\"wp-block-image\">\n<figure class=\"aligncenter\"><a href=\"https:\/\/www.vitaclubfitness.it\/wp-content\/uploads\/2020\/09\/IMG-20200911-WA0015.jpg\" rel=\"lightbox-1\"><img loading=\"lazy\" decoding=\"async\" width=\"300\" height=\"253\" src=\"https:\/\/www.vitaclubfitness.it\/wp-content\/uploads\/2020\/09\/IMG-20200911-WA0015-300x253.jpg\" alt=\"\" class=\"wp-image-2467\" srcset=\"https:\/\/www.vitaclubfitness.it\/wp-content\/uploads\/2020\/09\/IMG-20200911-WA0015-300x253.jpg 300w, https:\/\/www.vitaclubfitness.it\/wp-content\/uploads\/2020\/09\/IMG-20200911-WA0015-1024x864.jpg 1024w, https:\/\/www.vitaclubfitness.it\/wp-content\/uploads\/2020\/09\/IMG-20200911-WA0015-768x648.jpg 768w, https:\/\/www.vitaclubfitness.it\/wp-content\/uploads\/2020\/09\/IMG-20200911-WA0015-600x506.jpg 600w, https:\/\/www.vitaclubfitness.it\/wp-content\/uploads\/2020\/09\/IMG-20200911-WA0015-1536x1296.jpg 1536w, https:\/\/www.vitaclubfitness.it\/wp-content\/uploads\/2020\/09\/IMG-20200911-WA0015.jpg 1600w\" sizes=\"(max-width: 300px) 100vw, 300px\" \/><\/a><\/figure><\/div>\n\n\n<hr class=\"wp-block-separator has-alpha-channel-opacity\"\/>\n\n\n\n<p><strong>-FUNCTIONAL CIRCUIT<\/strong>:<\/p>\n\n\n\n<p><span style=\"color: #000000; font-size: 12pt; background-color: #00ffff;\"><strong><span style=\"text-decoration: underline;\"><mark style=\"background-color:#ff8404\" class=\"has-inline-color\">DIMAGRIMENTO:<\/mark><\/span><\/strong><\/span><\/p>\n\n\n\n<p><span style=\"color: #000000;\"><mark style=\"background-color:#ffffff\" class=\"has-inline-color\">&nbsp;<\/mark><\/span><span style=\"color: #000000; font-size: medium; background-color: #ffff00;\"><mark style=\"background-color:#ffffff\" class=\"has-inline-color\"><strong><span style=\"color: #000000;\">-ZUMBA FITNESS\u00ae<\/span><\/strong><\/mark><span style=\"color: #000000;\"><span style=\"background-color: #ffffff;\">: <\/span><\/span><span style=\"background-color: #ffffff;\">D<\/span><\/span><span style=\"color: #000000;\">ivertente ed efficace, zumba fitness toglie la fatica. Coreografie di facile esecuzione su ritmi latini e non solo. Passi ad alta e a bassa intensit\u00e0. Formato 45&#8242;. Istruttrice certificata <em>Rekha<\/em>.&nbsp; &nbsp;<\/span><\/p>\n\n\n<div class=\"wp-block-image\">\n<figure class=\"aligncenter\"><a href=\"https:\/\/www.vitaclubfitness.it\/wp-content\/uploads\/2020\/09\/IMG-20200911-WA0017.jpg\" rel=\"lightbox-2\"><img loading=\"lazy\" decoding=\"async\" width=\"215\" height=\"300\" src=\"https:\/\/www.vitaclubfitness.it\/wp-content\/uploads\/2020\/09\/IMG-20200911-WA0017-215x300.jpg\" alt=\"\" class=\"wp-image-2466\" srcset=\"https:\/\/www.vitaclubfitness.it\/wp-content\/uploads\/2020\/09\/IMG-20200911-WA0017-215x300.jpg 215w, https:\/\/www.vitaclubfitness.it\/wp-content\/uploads\/2020\/09\/IMG-20200911-WA0017-734x1024.jpg 734w, https:\/\/www.vitaclubfitness.it\/wp-content\/uploads\/2020\/09\/IMG-20200911-WA0017-768x1071.jpg 768w, https:\/\/www.vitaclubfitness.it\/wp-content\/uploads\/2020\/09\/IMG-20200911-WA0017-600x837.jpg 600w, https:\/\/www.vitaclubfitness.it\/wp-content\/uploads\/2020\/09\/IMG-20200911-WA0017-1101x1536.jpg 1101w, https:\/\/www.vitaclubfitness.it\/wp-content\/uploads\/2020\/09\/IMG-20200911-WA0017.jpg 1147w\" sizes=\"(max-width: 215px) 100vw, 215px\" \/><\/a><\/figure><\/div>\n\n\n<hr class=\"wp-block-separator has-alpha-channel-opacity\"\/>\n\n\n\n<p><span style=\"background-color: #ffff00;\"><mark style=\"background-color:#ffffff\" class=\"has-inline-color\">&#8211;&nbsp;<strong>STEP DANCE<\/strong><\/mark><\/span>: Si sale e si scende dallo step a ritmo della musica, eseguendo una coreografia. Ideale per chi vuole combattere la buccia d\u2019arancia con l\u2019esercizio fisico. Istruttrice certificata <em>Elena.<\/em><\/p>\n\n\n<div class=\"wp-block-image\">\n<figure class=\"aligncenter\"><img loading=\"lazy\" decoding=\"async\" width=\"225\" height=\"300\" src=\"https:\/\/www.vitaclubfitness.it\/wp-content\/uploads\/2020\/09\/IMG-20200910-WA0001-225x300.jpg\" alt=\"\" class=\"wp-image-2462\" srcset=\"https:\/\/www.vitaclubfitness.it\/wp-content\/uploads\/2020\/09\/IMG-20200910-WA0001-225x300.jpg 225w, https:\/\/www.vitaclubfitness.it\/wp-content\/uploads\/2020\/09\/IMG-20200910-WA0001-768x1024.jpg 768w, https:\/\/www.vitaclubfitness.it\/wp-content\/uploads\/2020\/09\/IMG-20200910-WA0001-600x800.jpg 600w, https:\/\/www.vitaclubfitness.it\/wp-content\/uploads\/2020\/09\/IMG-20200910-WA0001-1152x1536.jpg 1152w, https:\/\/www.vitaclubfitness.it\/wp-content\/uploads\/2020\/09\/IMG-20200910-WA0001.jpg 1200w\" sizes=\"(max-width: 225px) 100vw, 225px\" \/><\/figure><\/div>\n\n\n<hr class=\"wp-block-separator has-alpha-channel-opacity\"\/>\n\n\n\n<p><span style=\"color: #000000;\">&nbsp;<\/span><span style=\"color: #000000; font-size: medium; background-color: #ffff00;\"><mark style=\"background-color:#ffffff\" class=\"has-inline-color\">&#8211;<strong> FIT BOXE<\/strong><\/mark><span style=\"background-color: #ffffff;\">: I<\/span><\/span>spirato alle arti marziali e agli sport da combattimento,&nbsp; rappresenta una disciplina dal grande effetto allenante e dalla forte componente emotiva. Corso ad alto consumo calorico, \u00e8 l&#8217;ideale per scaricare la tensione e ricaricarsi di energia positiva. Istruttrice certificata <em>Elena.<\/em><\/p>\n\n\n<div class=\"wp-block-image\">\n<figure class=\"aligncenter\"><a href=\"https:\/\/www.vitaclubfitness.it\/wp-content\/uploads\/2020\/09\/IMG-20200910-WA0003.jpg\" rel=\"lightbox-3\"><img loading=\"lazy\" decoding=\"async\" width=\"300\" height=\"254\" src=\"https:\/\/www.vitaclubfitness.it\/wp-content\/uploads\/2020\/09\/IMG-20200910-WA0003-300x254.jpg\" alt=\"\" class=\"wp-image-2463\" srcset=\"https:\/\/www.vitaclubfitness.it\/wp-content\/uploads\/2020\/09\/IMG-20200910-WA0003-300x254.jpg 300w, https:\/\/www.vitaclubfitness.it\/wp-content\/uploads\/2020\/09\/IMG-20200910-WA0003-1024x868.jpg 1024w, https:\/\/www.vitaclubfitness.it\/wp-content\/uploads\/2020\/09\/IMG-20200910-WA0003-768x651.jpg 768w, https:\/\/www.vitaclubfitness.it\/wp-content\/uploads\/2020\/09\/IMG-20200910-WA0003-600x509.jpg 600w, https:\/\/www.vitaclubfitness.it\/wp-content\/uploads\/2020\/09\/IMG-20200910-WA0003-1536x1302.jpg 1536w, https:\/\/www.vitaclubfitness.it\/wp-content\/uploads\/2020\/09\/IMG-20200910-WA0003.jpg 1600w\" sizes=\"(max-width: 300px) 100vw, 300px\" \/><\/a><\/figure><\/div>\n\n\n<hr class=\"wp-block-separator has-alpha-channel-opacity\"\/>\n\n\n\n<p><span style=\"color: #000000; text-decoration: underline; background-color: #00ffff;\"><strong><span style=\"font-size: large;\">TONIFICAZIONE:<\/span><\/strong><\/span><\/p>\n\n\n\n<p><strong><span style=\"color: #000000;\">&#8211; <span style=\"background-color: #ffff00;\"><mark style=\"background-color:#ffffff\" class=\"has-inline-color\">ONEKOR &nbsp;SKULPT<\/mark><\/span><\/span><\/strong><span style=\"color: #000000;\"><span style=\"background-color: #ffff00;\"><mark style=\"background-color:#ffffff\" class=\"has-inline-color\">: <\/mark><\/span>E&#8217; un lavoro muscolare a blocchi dove ci si esercita con bilancieri e pesi e anche a corpo libero. Ottimo allenamento per il tono e la definizione di tutto il corpo. Istruttore certificato <em>Andrea.<\/em><\/span><\/p>\n\n\n<div class=\"wp-block-image\">\n<figure class=\"aligncenter\"><img loading=\"lazy\" decoding=\"async\" width=\"225\" height=\"300\" src=\"https:\/\/www.vitaclubfitness.it\/wp-content\/uploads\/2020\/09\/IMG-20200910-WA0014-225x300.jpg\" alt=\"\" class=\"wp-image-2465\" srcset=\"https:\/\/www.vitaclubfitness.it\/wp-content\/uploads\/2020\/09\/IMG-20200910-WA0014-225x300.jpg 225w, https:\/\/www.vitaclubfitness.it\/wp-content\/uploads\/2020\/09\/IMG-20200910-WA0014-768x1024.jpg 768w, https:\/\/www.vitaclubfitness.it\/wp-content\/uploads\/2020\/09\/IMG-20200910-WA0014-600x800.jpg 600w, https:\/\/www.vitaclubfitness.it\/wp-content\/uploads\/2020\/09\/IMG-20200910-WA0014-1152x1536.jpg 1152w, https:\/\/www.vitaclubfitness.it\/wp-content\/uploads\/2020\/09\/IMG-20200910-WA0014.jpg 1200w\" sizes=\"(max-width: 225px) 100vw, 225px\" \/><\/figure><\/div>\n\n\n<p><span style=\"background-color: #ffffff;\"><span style=\"background-color: #ffff00;\"><strong><mark style=\"background-color:#ffffff\" class=\"has-inline-color\">-STEP TONE<\/mark><\/strong><\/span><mark style=\"background-color:#ffffff\" class=\"has-inline-color\">:<\/mark> E&#8217; un tipo di allenamento che unisce i benefici dell&#8217;attivit\u00e0 aerobica e della tonificazione. Gli esercizi che possono essere eseguiti sulla pedana sono molteplici e possono anche richiedere l&#8217;utilizzo di pesi leggeri. Istruttrice certificata <em>Federica<\/em>.<\/span><\/p>\n\n\n\n<hr class=\"wp-block-separator has-alpha-channel-opacity\"\/>\n\n\n\n<p><span style=\"color: #000000;\">&#8211;<strong>&nbsp;<span style=\"background-color: #ffff00;\"><mark style=\"background-color:#ffffff\" class=\"has-inline-color\">ABS<\/mark><\/span><\/strong>: finalit\u00e0 del corso: un ventre piatto e un addome scolpito.<\/span><\/p>\n\n\n\n<p><span style=\"color: #000000;\">&#8211;&nbsp;<strong><span style=\"background-color: #ffff00;\"><mark style=\"background-color:#ffffff\" class=\"has-inline-color\">G&amp;G<\/mark><\/span><\/strong>: per rassodare, modellare e scolpire la muscolatura delle gambe e dei glutei attraverso esercizi mirati ed estremamente efficaci.<\/span><\/p>\n\n\n\n<p><span style=\"color: #000000;\"><strong>&#8211;<span style=\"background-color: #ffff00;\"><mark style=\"background-color:#ffffff\" class=\"has-inline-color\">TOTAL BODY<\/mark><\/span>:&nbsp;<\/strong>programma di allenamento finalizzato a migliorare la forza e aumentare la capacit\u00e0 di resistenza.<\/span><\/p>\n\n\n\n<hr class=\"wp-block-separator has-alpha-channel-opacity\"\/>\n\n\n\n<p><strong><span style=\"color: #000000; font-size: large; background-color: #00ffff;\"><mark style=\"background-color:#abb8c3\" class=\"has-inline-color\">POSTURALE:<\/mark><\/span><\/strong><\/p>\n\n\n\n<p><span style=\"color: #000000;\"><span style=\"background-color: #ffff00;\"><mark style=\"background-color:#ffffff\" class=\"has-inline-color\">&#8211; <strong>PILATES<\/strong><\/mark><\/span>:<mark style=\"background-color:#ffffff\" class=\"has-inline-color\"> <\/mark>\u00e8 finalizzato al miglioramento della consapevolezza del proprio corpo e al raggiungimento dell\u2019elasticit\u00e0 e della tonicit\u00e0 muscolare. &nbsp; &nbsp; <\/span><\/p>\n\n\n\n<p><span style=\"color: #000000;\"><strong><span style=\"background-color: #ffff00;\"><mark style=\"background-color:#ffffff\" class=\"has-inline-color\">Pilates props<\/mark><\/span>:<\/strong> l&#8217;applicazione dei piccoli attrezzi del pilates agli esercizi del matwork per aumentare l&#8217;intensit\u00e0. Istruttrice certificata <em>Elisa.<\/em><\/span><\/p>\n\n\n<div class=\"wp-block-image\">\n<figure class=\"aligncenter\"><a href=\"https:\/\/www.vitaclubfitness.it\/wp-content\/uploads\/2020\/09\/IMG-20200911-WA0036.jpg\" rel=\"lightbox-4\"><img loading=\"lazy\" decoding=\"async\" width=\"300\" height=\"225\" src=\"https:\/\/www.vitaclubfitness.it\/wp-content\/uploads\/2020\/09\/IMG-20200911-WA0036-300x225.jpg\" alt=\"\" class=\"wp-image-2470\" srcset=\"https:\/\/www.vitaclubfitness.it\/wp-content\/uploads\/2020\/09\/IMG-20200911-WA0036-300x225.jpg 300w, https:\/\/www.vitaclubfitness.it\/wp-content\/uploads\/2020\/09\/IMG-20200911-WA0036-1024x768.jpg 1024w, https:\/\/www.vitaclubfitness.it\/wp-content\/uploads\/2020\/09\/IMG-20200911-WA0036-768x576.jpg 768w, https:\/\/www.vitaclubfitness.it\/wp-content\/uploads\/2020\/09\/IMG-20200911-WA0036-600x450.jpg 600w, https:\/\/www.vitaclubfitness.it\/wp-content\/uploads\/2020\/09\/IMG-20200911-WA0036-1536x1152.jpg 1536w, https:\/\/www.vitaclubfitness.it\/wp-content\/uploads\/2020\/09\/IMG-20200911-WA0036.jpg 1600w\" sizes=\"(max-width: 300px) 100vw, 300px\" \/><\/a><\/figure><\/div>\n\n\n<hr class=\"wp-block-separator has-alpha-channel-opacity\"\/>\n\n\n\n<p><mark style=\"background-color:#ffffff\" class=\"has-inline-color\">&#8211;<\/mark><strong style=\"color: rgb(0, 0, 0); background-color: rgb(255, 255, 0);\"><mark style=\"background-color:#ffffff\" class=\"has-inline-color\">GINNASTICA DOLCE <\/mark><\/strong><mark style=\"background-color:#ffffff\" class=\"has-inline-color\">:<\/mark> Il programma prevede esercizi statici e dinamici di stretching e di coordinazione che migliorino la flessibilit\u00e0 muscolare, la mobilit\u00e0 articolare, la circolazione sanguigna, nonch\u00e9 problemi posturali. <span style=\"color: #000000;\">Istruttore certificato <em>Andrea.<\/em><\/span><\/p>\n\n\n<div class=\"wp-block-image\">\n<figure class=\"aligncenter\"><a href=\"https:\/\/www.vitaclubfitness.it\/wp-content\/uploads\/2020\/09\/IMG-20200910-WA0017.jpg\" rel=\"lightbox-5\"><img loading=\"lazy\" decoding=\"async\" width=\"225\" height=\"300\" src=\"https:\/\/www.vitaclubfitness.it\/wp-content\/uploads\/2020\/09\/IMG-20200910-WA0017-225x300.jpg\" alt=\"\" class=\"wp-image-2504\" srcset=\"https:\/\/www.vitaclubfitness.it\/wp-content\/uploads\/2020\/09\/IMG-20200910-WA0017-225x300.jpg 225w, https:\/\/www.vitaclubfitness.it\/wp-content\/uploads\/2020\/09\/IMG-20200910-WA0017-768x1024.jpg 768w, https:\/\/www.vitaclubfitness.it\/wp-content\/uploads\/2020\/09\/IMG-20200910-WA0017-600x800.jpg 600w, https:\/\/www.vitaclubfitness.it\/wp-content\/uploads\/2020\/09\/IMG-20200910-WA0017-1152x1536.jpg 1152w, https:\/\/www.vitaclubfitness.it\/wp-content\/uploads\/2020\/09\/IMG-20200910-WA0017.jpg 1200w\" sizes=\"(max-width: 225px) 100vw, 225px\" \/><\/a><\/figure><\/div>\n\n\n<hr class=\"wp-block-separator has-alpha-channel-opacity\"\/>\n\n\n\n<p>&#8211;<strong>CIRCL MOBILITY&#x2122;&#xfe0f;<\/strong>: Basato sulla scienza del movimento funzionale, Circl Mobility si concentra sulla flessibilit\u00e0, sul respiro e sugli esercizi di mobilit\u00e0 per aiutare gli studenti a muoversi meglio, pi\u00f9 a lungo. Istruttrice certificat<em>a Federica.<\/em><\/p>\n\n\n<div class=\"wp-block-image\">\n<figure class=\"aligncenter\"><a href=\"https:\/\/www.vitaclubfitness.it\/wp-content\/uploads\/2023\/09\/80ae8bde-6ddb-4734-b321-e83c03cfdea0.jpg\" rel=\"lightbox-6\"><img loading=\"lazy\" decoding=\"async\" width=\"225\" height=\"300\" src=\"https:\/\/www.vitaclubfitness.it\/wp-content\/uploads\/2023\/09\/80ae8bde-6ddb-4734-b321-e83c03cfdea0-225x300.jpg\" alt=\"\" class=\"wp-image-3170\" srcset=\"https:\/\/www.vitaclubfitness.it\/wp-content\/uploads\/2023\/09\/80ae8bde-6ddb-4734-b321-e83c03cfdea0-225x300.jpg 225w, https:\/\/www.vitaclubfitness.it\/wp-content\/uploads\/2023\/09\/80ae8bde-6ddb-4734-b321-e83c03cfdea0-600x800.jpg 600w, https:\/\/www.vitaclubfitness.it\/wp-content\/uploads\/2023\/09\/80ae8bde-6ddb-4734-b321-e83c03cfdea0.jpg 768w\" sizes=\"(max-width: 225px) 100vw, 225px\" \/><\/a><\/figure><\/div>","protected":false},"excerpt":{"rendered":"<p>CORSI SPORTIVI dal 07\/01 al 31\/05\/2026 CORSI SPORTIVI &#8211; GINNASTICA&nbsp; finalizzata alla SALUTE e al FITNESS FUNZIONALE: &#8211;H.I.I.T. STRENGTH : Programma di allenamento funzionale di gruppo ad alta intensit\u00e0 che, attraverso la metodologia di allenamento Tabata e alcune tecniche molto utilizzate nel Body Building, si prefigge di ottenere un considerevole miglioramento del sistema cardiovascolare e &hellip; <\/p>\n<p class=\"link-more\"><a href=\"https:\/\/www.vitaclubfitness.it\/?page_id=32\" class=\"more-link\">Leggi tutto<span class=\"screen-reader-text\"> &#8220;Corsi sportivi&#8221;<\/span><\/a><\/p>\n","protected":false},"author":1,"featured_media":0,"parent":0,"menu_order":0,"comment_status":"closed","ping_status":"closed","template":"","meta":{"footnotes":""},"_links":{"self":[{"href":"https:\/\/www.vitaclubfitness.it\/index.php?rest_route=\/wp\/v2\/pages\/32"}],"collection":[{"href":"https:\/\/www.vitaclubfitness.it\/index.php?rest_route=\/wp\/v2\/pages"}],"about":[{"href":"https:\/\/www.vitaclubfitness.it\/index.php?rest_route=\/wp\/v2\/types\/page"}],"author":[{"embeddable":true,"href":"https:\/\/www.vitaclubfitness.it\/index.php?rest_route=\/wp\/v2\/users\/1"}],"replies":[{"embeddable":true,"href":"https:\/\/www.vitaclubfitness.it\/index.php?rest_route=%2Fwp%2Fv2%2Fcomments&post=32"}],"version-history":[{"count":227,"href":"https:\/\/www.vitaclubfitness.it\/index.php?rest_route=\/wp\/v2\/pages\/32\/revisions"}],"predecessor-version":[{"id":3499,"href":"https:\/\/www.vitaclubfitness.it\/index.php?rest_route=\/wp\/v2\/pages\/32\/revisions\/3499"}],"wp:attachment":[{"href":"https:\/\/www.vitaclubfitness.it\/index.php?rest_route=%2Fwp%2Fv2%2Fmedia&parent=32"}],"curies":[{"name":"wp","href":"https:\/\/api.w.org\/{rel}","templated":true}]}}